{"id":297,"date":"2018-05-25T11:46:05","date_gmt":"2018-05-25T11:46:05","guid":{"rendered":"http:\/\/weblay.com\/?page_id=297"},"modified":"2018-05-25T11:57:46","modified_gmt":"2018-05-25T11:57:46","slug":"datenschutzerklaerung","status":"publish","type":"page","link":"https:\/\/weblay.com\/?page_id=297","title":{"rendered":"Datenschutzerkl\u00e4rung"},"content":{"rendered":"<p><strong>Datenschutzerkl\u00e4rung<\/strong><br \/>\nUnser Datenschutzbeauftrager ist unter folgender Emailadresse zu erreichen: <em><strong>datenschutzbeauftragter@weblay.com<\/strong><\/em><\/p>\n<p><strong>Wir, die IT-Dienstleister Firma Weblay, Andreas Werk, Kehdingerstra\u00dfe 8, 27570 Bremerhaven<\/strong>, sind Anbieter der Homepage www.weblay.com, weblay.info,weblay.org,weblay.eu, werkit.de, pc-heiler.de und Verantwortliche im Sinne der Datenschutzgrundverordnung (DS-GVO). Hiermit informieren wir Sie \u00fcber den Umgang mit Ihren personenbezogenen Daten, wenn Sie unsere Website besuchen.<\/p>\n<p>Diese Hinweise beziehen sich nur auf unsere Homepage. Die Homepage kann Links zu Webseiten anderer Anbieter enthalten. Mit einem Klick auf jene Links verlassen Sie unsere Homepage. Wir weisen darauf hin, dass die nachfolgenden Hinweise ausschlie\u00dflich f\u00fcr unsere Homepage gelten.<\/p>\n<p>Die bei der Nutzung unserer Homepage erfassten personenbezogenen Daten verarbeiten wir ausschlie\u00dflich im Rahmen unserer gesetzlichen Befugnisse oder aufgrund Ihrer Einwilligung.<\/p>\n<p>Als personenbezogene Daten gelten alle Informationen, mit denen Ihre Person bestimmbar ist oder welche zu Ihnen zur\u00fcckverfolgt werden k\u00f6nnen. Neben Ihrem Namen und Ihrer E-Mail-Adresse ist das auch Ihre IP-Nummer.<\/p>\n<p><strong>\u00c4nderungen im Umgang mit Ihren Daten<\/strong><br \/>\nDiese Unterrichtung informiert \u00fcber die aktuelle Nutzung Ihrer personenbezogenen Daten. Sie ist seit dem 24.5.2018 g\u00fcltig.<\/p>\n<p>Mit der Weiterentwicklung unserer Homepage, der \u00c4nderung von technischen oder rechtlichen Anforderungen werden wir diese Unterrichtung bei Bedarf aktualisieren. Auf solche \u00c4nderungen machen wir Sie f\u00fcr eine geraume Zeit durch einen eindeutigen und gut sichtbaren Hinweis auf unserer Homepage aufmerksam.<\/p>\n<p><strong>\u00dcbermittlung personenbezogener Daten an Dritte<\/strong><br \/>\nEine \u00dcbermittlung Ihrer von unserer Homepage erfassten personenbezogenen Daten an Dritte findet im Grundsatz nicht statt, es sei denn, dies ist gesetzlich zugelassen. Deshalb setzen wir bewusst keine Social-Media-Plug-Ins oder Web-Tracking-Mechanismen ein, bei denen personenbezogene Daten an Dritte \u00fcbermittelt werden.<\/p>\n<p><strong>Gesetzlich zul\u00e4ssige Ausnahmen sind vor allem:<\/strong><\/p>\n<p>-Die \u00dcbermittlung ist zur Erf\u00fcllung eines Vertrags mit Ihnen oder zur Durchf\u00fchrung vorvertraglicher Ma\u00dfnahmen auf Ihre Anfrage hin erforderlich (Art. 6 Abs. 1 lit. b) DS-GVO).<\/p>\n<p>Sie haben uns dazu eine ausdr\u00fcckliche Einwilligung erteilt (Art. 6 Abs. 1 lit. a) DS-GVO).<\/p>\n<p>Die Weitergabe ist zur Wahrung berechtigter Interessen erforderlich und es besteht kein Grund zur Annahme, dass Sie ein \u00fcberwiegendes schutzw\u00fcrdiges Interesse an der Nichtweitergabe der Daten haben (Art. 6 Abs. 1 lit. f) DS-GVO).<\/p>\n<p>Es besteht f\u00fcr uns eine rechtliche Verpflichtung zur Weitergabe der Daten (Art. 6 Abs. 1 lit. c) DS-GVO).<\/p>\n<p>Die \u00dcbermittlung an und Verarbeitung durch unseren IT-Dienstleister als Erf\u00fcllungsgehilfe, der diese Homepage in unserem Auftrag im Internet bereitstellt, ist nach dem Gesetz keine \u00dcbermittlung an \u201eDritte\u201c.<\/p>\n<p><strong>Protokollierung von Zugriffsdaten<\/strong><br \/>\nBeim Abruf der Homepage werden folgende personenbezogene Daten an unseren Web-Server \u00fcbertragen und in einer Protokolldatei gespeichert:<\/p>\n<p>IP-Nummer des von Ihnen zum Abruf der Homepage genutzten Ger\u00e4tes<\/p>\n<p>Uhrzeit des jeweiligen Zugriffs auf eine Seite der Homepage<\/p>\n<p>An Ihr Ger\u00e4t \u00fcbertragene Datenmenge<\/p>\n<p>\u00dcber die Homepage abgerufene Dateien<\/p>\n<p>URL der Seite\/Homepage, von der sie auf die angew\u00e4hlte Seite gelangt sind<\/p>\n<p>Von Ihnen verwendeter Browser (Typ und Version)<\/p>\n<p>Von Ihnen verwendetes Betriebssystem und Version<\/p>\n<p>Abruf und Verwendung dieser Daten erfolgt aufgrund unseres berechtigten Interesses (Art. 6 Abs. 1 lit. f DS-GVO) daran, die Homepage entsprechend den Anforderungen Ihres Ger\u00e4tes bzw. Browsers darstellen zu k\u00f6nnen, bzw. zur Untersuchung und Nachverfolgung von Angriffen auf unsere IT.<\/p>\n<p>Eine dar\u00fcber hinaus gehende Nutzung erfolgt ausschlie\u00dflich zu statistischen Zwecken in anonymisierter Form durch uns. Durch die Anonymisierung jener Daten sind R\u00fcckschl\u00fcsse auf ihre Person nicht m\u00f6glich.<\/p>\n<p>Die Protokolldaten werden f\u00fcr die Dauer von sieben Tagen gespeichert und danach gel\u00f6scht, au\u00dfer wenn sie zur Nachverfolgung eines identifizierten Angriffs ausnahmsweise l\u00e4nger vorgehalten werden m\u00fcssen.<\/p>\n<p>Bei den aus der Protokolldatei abgeleiteten anonymisierten Daten handelt es sich nicht mehr um personenbezogene Daten. Diese werden zur Erstellung von Statistiken zur Verbesserung der Website durch uns genutzt und allenfalls an Agenturen weitergegeben, die wir mit der Verbesserung der Website beauftragen.<\/p>\n<p><strong>Kontaktformular<\/strong><br \/>\nAuf unserer Homepage finden Sie ein Formular, um direkt mit uns in Kontakt zu treten. Die von Ihnen im Kontaktformular eingegebene Daten (wie Name, E-Mail, Betreff und Nachrichtentext) speichern wir und leiten sie an die jeweils mit der Kontaktaufnahme beauftragten Person bei uns weiter.<\/p>\n<p>Der mit der Kontaktaufnahme beauftragte Mitarbeiter erh\u00e4lt diese Daten per E-Mail in sein Postfach. Er wird sie dort nur so lange gespeichert lassen, wie es zur Abwicklung der mit der Kontaktaufnahme verfolgten Angelegenheit erforderlich ist.<\/p>\n<p><strong>Cookies<\/strong><br \/>\nUm Ihnen ein schnelles Browsen zu erm\u00f6glichen und damit Sie einmal eingegebene Informationen bei R\u00fcckkehr zur Formularseite nicht erneut eingeben m\u00fcssen, benutzt unsere Homepage sogenannte \u201esession cookies\u201c. Dabei handelt es sich um kleine Textdateien. Diese Dateien werden vor\u00fcbergehend im Cookie-Speicher Ihres Browsers gespeichert und sind f\u00fcr Dritte nicht abrufbar.<\/p>\n<p>Wir als Diensteanbieter k\u00f6nnen diese Cookies nicht direkt auslesen. Dies erfolgt lediglich durch Ihren Browser bei R\u00fcckkehr zu einer Seite unserer Homepage.<\/p>\n<p>Sobald sie ihren Browser beenden, werden die Cookie-Daten \u2013 abh\u00e4ngig von der Cookie-Einstellung Ihres Browsers \u2013 automatisch gel\u00f6scht.<\/p>\n<p><strong>Ihre Rechte als Betroffene<\/strong><br \/>\nAls Nutzer unserer Homepage haben Sie das Recht, auf Antrag unentgeltlich Auskunft dar\u00fcber zu erhalten, welche Daten zu Ihrer Person wir gespeichert haben. Diesen Antrag k\u00f6nnen Sie in angemessenem Zeitrahmen erneut stellen. Sie d\u00fcrfen ferner die Berichtigung falscher Daten sowie die Sperrung oder Einschr\u00e4nkung der Verarbeitung Ihrer personenbezogenen Daten verlangen.<\/p>\n<p>Falls von Ihnen bereitgestellte personenbezogene Daten gespeichert wurden, k\u00f6nnen Sie auch eine Herausgabe verlangen.<\/p>\n<p>Falls Sie annehmen, dass Ihre personenbezogenen Daten unrechtm\u00e4\u00dfig verarbeitet werden, k\u00f6nnen Sie eine Beschwerde bei der zust\u00e4ndigen Datenschutz-Aufsichtsbeh\u00f6rde einreichen.<\/p>\n<p>Sollten sie Auskunft zu w\u00e4hrend der Nutzung unserer Homepage erfassten personenbezogenen Daten beantragen, l\u00e4sst sich dies in der Regel nur bearbeiten, wenn Sie uns die beim Zugriff auf die Homepage verwendete IP-Adresse mitteilen. Eine Ausnahme gilt bez\u00fcglich solcher Daten, die Sie uns unter Angabe Ihres Namens oder Ihrer E-Mail-Adresse \u00fcbermittelt haben (z.B. im Kontaktformular).<\/p>\n<p><strong>L\u00f6schung von Daten<\/strong><br \/>\nSofern Ihr Wunsch nicht mit einer gesetzlichen Pflicht zur Aufbewahrung von Daten kollidiert, k\u00f6nnen Sie die L\u00f6schung Ihrer personenbezogenen Daten verlangen. Ist eine L\u00f6schung nicht m\u00f6glich, da die Daten f\u00fcr zul\u00e4ssige gesetzliche Zwecke ben\u00f6tigt werden, erfolgt eine Einschr\u00e4nkung der Datenverarbeitung. In diesem Fall werden die Daten gesperrt und nicht f\u00fcr andere als die noch zul\u00e4ssigen Zwecke verarbeitet.<\/p>\n<p><strong>Widerspruchsrecht<\/strong><br \/>\nNutzer dieser Homepage ko\u0308nnen von ihrem Widerspruchsrecht Gebrauch machen und der Verarbeitung ihrer personenbezogenen Daten zu jeder Zeit widersprechen. Wenn Sie eine Berichtigung, Sperrung, Lo\u0308schung oder Auskunft u\u0308ber die zu Ihrer Person gespeicherten personenbezogenen Daten wu\u0308nschen oder Fragen bzgl. der Erhebung, Verarbeitung oder Verwendung Ihrer personenbezogenen Daten haben oder erteilte Einwilligungen widerrufen mo\u0308chten, wenden Sie sich bitte an folgende E-Mail-Adresse: <strong>Datenschutzbeauftragter@weblay.com<\/strong><\/p>\n","protected":false},"excerpt":{"rendered":"<p>Datenschutzerkl\u00e4rung Unser Datenschutzbeauftrager ist unter folgender Emailadresse zu erreichen: datenschutzbeauftragter@weblay.com Wir, die IT-Dienstleister Firma Weblay, Andreas Werk, Kehdingerstra\u00dfe 8, 27570 Bremerhaven, sind Anbieter der Homepage www.weblay.com, weblay.info,weblay.org,weblay.eu, werkit.de, pc-heiler.de und Verantwortliche im Sinne der Datenschutzgrundverordnung (DS-GVO). Hiermit informieren wir Sie \u00fcber den Umgang mit Ihren personenbezogenen Daten, wenn Sie unsere Website besuchen. Diese Hinweise beziehen [&hellip;]<\/p>\n","protected":false},"author":1,"featured_media":0,"parent":0,"menu_order":0,"comment_status":"closed","ping_status":"closed","template":"fullwidth.php","meta":{"footnotes":""},"class_list":["post-297","page","type-page","status-publish","hentry"],"_links":{"self":[{"href":"https:\/\/weblay.com\/index.php?rest_route=\/wp\/v2\/pages\/297","targetHints":{"allow":["GET"]}}],"collection":[{"href":"https:\/\/weblay.com\/index.php?rest_route=\/wp\/v2\/pages"}],"about":[{"href":"https:\/\/weblay.com\/index.php?rest_route=\/wp\/v2\/types\/page"}],"author":[{"embeddable":true,"href":"https:\/\/weblay.com\/index.php?rest_route=\/wp\/v2\/users\/1"}],"replies":[{"embeddable":true,"href":"https:\/\/weblay.com\/index.php?rest_route=%2Fwp%2Fv2%2Fcomments&post=297"}],"version-history":[{"count":4,"href":"https:\/\/weblay.com\/index.php?rest_route=\/wp\/v2\/pages\/297\/revisions"}],"predecessor-version":[{"id":304,"href":"https:\/\/weblay.com\/index.php?rest_route=\/wp\/v2\/pages\/297\/revisions\/304"}],"wp:attachment":[{"href":"https:\/\/weblay.com\/index.php?rest_route=%2Fwp%2Fv2%2Fmedia&parent=297"}],"curies":[{"name":"wp","href":"https:\/\/api.w.org\/{rel}","templated":true}]}}