{"id":256,"date":"2018-04-14T22:20:33","date_gmt":"2018-04-14T22:20:33","guid":{"rendered":"http:\/\/weblay.com\/?page_id=256"},"modified":"2019-04-15T11:52:57","modified_gmt":"2019-04-15T11:52:57","slug":"256-2","status":"publish","type":"page","link":"https:\/\/weblay.com\/?page_id=256","title":{"rendered":"\u00dcberblick"},"content":{"rendered":"<p style=\"padding-left: 180px;\"><span style=\"color: #000080;\">&#8211; Computeranlagen<img loading=\"lazy\" decoding=\"async\" class=\"wp-image-33 alignright\" src=\"http:\/\/weblay.com\/wp-content\/uploads\/2018\/08\/technology-1095751_1920-e1523396666332.jpg\" alt=\"\" width=\"551\" height=\"237\"><\/span><br \/>\n<span style=\"color: #000080;\"> &#8211; Netzwerktechnik<\/span><br \/>\n<span style=\"color: #000080;\"> &#8211; Software<\/span><br \/>\n<span style=\"color: #000080;\"> &#8211; Telefonanlagen<\/span><br \/>\n<span style=\"color: #000080;\"> &#8211; Kassensysteme<\/span><br \/>\n<span style=\"color: #000080;\"> &#8211; Standortvernetzung<\/span><br \/>\n<span style=\"color: #000080;\"> &#8211; Zeiterfassungssysteme<\/span><br \/>\n<span style=\"color: #000080;\"> &#8211; Mitarbeiterschulung<\/span><br \/>\n<span style=\"color: #000080;\"> &#8211; Freie Beratung<\/span><br \/>\n<span style=\"color: #000080;\"> &#8211; Wartung<\/span><br \/>\n<span style=\"color: #000080;\"> &#8211; 24h Vorortservice m\u00f6glich<\/span><\/p>\n<p style=\"padding-left: 180px;\"><img loading=\"lazy\" decoding=\"async\" class=\"wp-image-143 alignleft\" src=\"http:\/\/weblay.com\/wp-content\/uploads\/2018\/04\/quality-500958_1280-e1523314737807.jpg\" alt=\"\" width=\"364\" height=\"259\" srcset=\"https:\/\/weblay.com\/wp-content\/uploads\/2018\/04\/quality-500958_1280-e1523314737807.jpg 1251w, https:\/\/weblay.com\/wp-content\/uploads\/2018\/04\/quality-500958_1280-e1523314737807-300x213.jpg 300w, https:\/\/weblay.com\/wp-content\/uploads\/2018\/04\/quality-500958_1280-e1523314737807-768x546.jpg 768w, https:\/\/weblay.com\/wp-content\/uploads\/2018\/04\/quality-500958_1280-e1523314737807-1024x728.jpg 1024w\" sizes=\"auto, (max-width: 364px) 100vw, 364px\" \/><\/p>\n<p>&nbsp;<\/p>\n<p><span style=\"color: #000080;\">Bei der Auswahl unserer Mitarbeiter<\/span><br \/>\n<span style=\"color: #000080;\"> legen wir h\u00f6chsten Wert auf Qualifikation,<\/span><br \/>\n<span style=\"color: #000080;\"> Berufserfahrung und gutem Leumund,<\/span><br \/>\n<span style=\"color: #000080;\"> damit Ihre IT-Anlage in besten H\u00e4nden ist<\/span><br \/>\n<span style=\"color: #000080;\"> und Sie entspannt arbeiten k\u00f6nnen.<br \/>\n<img loading=\"lazy\" decoding=\"async\" class=\"wp-image-214 aligncenter\" src=\"http:\/\/weblay.com\/wp-content\/uploads\/2018\/04\/Bild1-e1523397926755.png\" alt=\"\" width=\"108\" height=\"68\" srcset=\"https:\/\/weblay.com\/wp-content\/uploads\/2018\/04\/Bild1-e1523397926755.png 314w, https:\/\/weblay.com\/wp-content\/uploads\/2018\/04\/Bild1-e1523397926755-300x189.png 300w\" sizes=\"auto, (max-width: 108px) 100vw, 108px\" \/><\/span><\/p>\n","protected":false},"excerpt":{"rendered":"<p>&#8211; Computeranlagen &#8211; Netzwerktechnik &#8211; Software &#8211; Telefonanlagen &#8211; Kassensysteme &#8211; Standortvernetzung &#8211; Zeiterfassungssysteme &#8211; Mitarbeiterschulung &#8211; Freie Beratung &#8211; Wartung &#8211; 24h Vorortservice m\u00f6glich &nbsp; Bei der Auswahl unserer Mitarbeiter legen wir h\u00f6chsten Wert auf Qualifikation, Berufserfahrung und gutem Leumund, damit Ihre IT-Anlage in besten H\u00e4nden ist und Sie entspannt arbeiten k\u00f6nnen.<\/p>\n","protected":false},"author":1,"featured_media":0,"parent":66,"menu_order":0,"comment_status":"closed","ping_status":"closed","template":"fullwidth.php","meta":{"footnotes":""},"class_list":["post-256","page","type-page","status-publish","hentry"],"_links":{"self":[{"href":"https:\/\/weblay.com\/index.php?rest_route=\/wp\/v2\/pages\/256","targetHints":{"allow":["GET"]}}],"collection":[{"href":"https:\/\/weblay.com\/index.php?rest_route=\/wp\/v2\/pages"}],"about":[{"href":"https:\/\/weblay.com\/index.php?rest_route=\/wp\/v2\/types\/page"}],"author":[{"embeddable":true,"href":"https:\/\/weblay.com\/index.php?rest_route=\/wp\/v2\/users\/1"}],"replies":[{"embeddable":true,"href":"https:\/\/weblay.com\/index.php?rest_route=%2Fwp%2Fv2%2Fcomments&post=256"}],"version-history":[{"count":14,"href":"https:\/\/weblay.com\/index.php?rest_route=\/wp\/v2\/pages\/256\/revisions"}],"predecessor-version":[{"id":322,"href":"https:\/\/weblay.com\/index.php?rest_route=\/wp\/v2\/pages\/256\/revisions\/322"}],"up":[{"embeddable":true,"href":"https:\/\/weblay.com\/index.php?rest_route=\/wp\/v2\/pages\/66"}],"wp:attachment":[{"href":"https:\/\/weblay.com\/index.php?rest_route=%2Fwp%2Fv2%2Fmedia&parent=256"}],"curies":[{"name":"wp","href":"https:\/\/api.w.org\/{rel}","templated":true}]}}